{"id":128,"date":"2015-07-17T12:49:26","date_gmt":"2015-07-17T10:49:26","guid":{"rendered":"http:\/\/infraestructuras.umh.es\/?page_id=128"},"modified":"2019-07-23T12:37:14","modified_gmt":"2019-07-23T10:37:14","slug":"carteleria","status":"publish","type":"page","link":"https:\/\/infraestructuras.umh.es\/ca\/unidad-de-supervision-de-proyectos\/funciones\/carteleria\/","title":{"rendered":"<span lang=\"es\">(Espa\u00f1ol) Carteler\u00eda y Se\u00f1al\u00e9tica<\/span>"},"content":{"rendered":"<p class=\"qtranxs-available-languages-message qtranxs-available-languages-message-ca\">Ho sentim, aquesta entrada es troba disponible \u00fanicament en <a href=\"https:\/\/infraestructuras.umh.es\/es\/wp-json\/wp\/v2\/pages\/128\" class=\"qtranxs-available-language-link qtranxs-available-language-link-es\" title=\"Espa\u00f1ol\">Espanyol Europeu<\/a>.<\/p>","protected":false},"excerpt":{"rendered":"<p>Ho sentim, aquesta entrada es troba disponible \u00fanicament en Espanyol Europeu.<\/p>\n","protected":false},"author":3131,"featured_media":0,"parent":102,"menu_order":14,"comment_status":"closed","ping_status":"open","template":"","meta":{"_links_to":"","_links_to_target":""},"_links":{"self":[{"href":"https:\/\/infraestructuras.umh.es\/ca\/wp-json\/wp\/v2\/pages\/128"}],"collection":[{"href":"https:\/\/infraestructuras.umh.es\/ca\/wp-json\/wp\/v2\/pages"}],"about":[{"href":"https:\/\/infraestructuras.umh.es\/ca\/wp-json\/wp\/v2\/types\/page"}],"author":[{"embeddable":true,"href":"https:\/\/infraestructuras.umh.es\/ca\/wp-json\/wp\/v2\/users\/3131"}],"replies":[{"embeddable":true,"href":"https:\/\/infraestructuras.umh.es\/ca\/wp-json\/wp\/v2\/comments?post=128"}],"version-history":[{"count":0,"href":"https:\/\/infraestructuras.umh.es\/ca\/wp-json\/wp\/v2\/pages\/128\/revisions"}],"up":[{"embeddable":true,"href":"https:\/\/infraestructuras.umh.es\/ca\/wp-json\/wp\/v2\/pages\/102"}],"wp:attachment":[{"href":"https:\/\/infraestructuras.umh.es\/ca\/wp-json\/wp\/v2\/media?parent=128"}],"curies":[{"name":"wp","href":"https:\/\/api.w.org\/{rel}","templated":true}]}}