{"id":1693,"date":"2022-02-03T16:35:13","date_gmt":"2022-02-03T15:35:13","guid":{"rendered":"https:\/\/infraestructuras.umh.es\/?page_id=1693"},"modified":"2023-02-03T11:58:57","modified_gmt":"2023-02-03T10:58:57","slug":"solicitud-de-puntos-de-recarga-de-vehiculos-electricos","status":"publish","type":"page","link":"https:\/\/infraestructuras.umh.es\/ca\/unidad-de-mantenimiento-y-obras\/solicitud-de-puntos-de-recarga-de-vehiculos-electricos\/","title":{"rendered":"<span lang=\"es\">(Espa\u00f1ol) Puntos de Recarga de Veh\u00edculos El\u00e9ctricos<\/span>"},"content":{"rendered":"<p class=\"qtranxs-available-languages-message qtranxs-available-languages-message-ca\">Ho sentim, aquesta entrada es troba disponible \u00fanicament en <a href=\"https:\/\/infraestructuras.umh.es\/es\/wp-json\/wp\/v2\/pages\/1693\" class=\"qtranxs-available-language-link qtranxs-available-language-link-es\" title=\"Espa\u00f1ol\">Espanyol Europeu<\/a>.<\/p>","protected":false},"excerpt":{"rendered":"<p>Ho sentim, aquesta entrada es troba disponible \u00fanicament en Espanyol Europeu.<\/p>\n","protected":false},"author":3131,"featured_media":0,"parent":8,"menu_order":0,"comment_status":"closed","ping_status":"closed","template":"","meta":{"_links_to":"","_links_to_target":""},"_links":{"self":[{"href":"https:\/\/infraestructuras.umh.es\/ca\/wp-json\/wp\/v2\/pages\/1693"}],"collection":[{"href":"https:\/\/infraestructuras.umh.es\/ca\/wp-json\/wp\/v2\/pages"}],"about":[{"href":"https:\/\/infraestructuras.umh.es\/ca\/wp-json\/wp\/v2\/types\/page"}],"author":[{"embeddable":true,"href":"https:\/\/infraestructuras.umh.es\/ca\/wp-json\/wp\/v2\/users\/3131"}],"replies":[{"embeddable":true,"href":"https:\/\/infraestructuras.umh.es\/ca\/wp-json\/wp\/v2\/comments?post=1693"}],"version-history":[{"count":0,"href":"https:\/\/infraestructuras.umh.es\/ca\/wp-json\/wp\/v2\/pages\/1693\/revisions"}],"up":[{"embeddable":true,"href":"https:\/\/infraestructuras.umh.es\/ca\/wp-json\/wp\/v2\/pages\/8"}],"wp:attachment":[{"href":"https:\/\/infraestructuras.umh.es\/ca\/wp-json\/wp\/v2\/media?parent=1693"}],"curies":[{"name":"wp","href":"https:\/\/api.w.org\/{rel}","templated":true}]}}