{"id":277,"date":"2017-06-05T13:51:17","date_gmt":"2017-06-05T11:51:17","guid":{"rendered":"http:\/\/infraestructuras.umh.es\/?page_id=277"},"modified":"2023-12-19T14:29:40","modified_gmt":"2023-12-19T13:29:40","slug":"seccion-de-prevencion-de-riesgos-laborales","status":"publish","type":"page","link":"https:\/\/infraestructuras.umh.es\/ca\/seccion-de-prevencion-de-riesgos-laborales\/","title":{"rendered":"<span lang=\"es\">(Espa\u00f1ol) Prevenci\u00f3n de Riesgos Laborales<\/span>"},"content":{"rendered":"<p class=\"qtranxs-available-languages-message qtranxs-available-languages-message-ca\">Ho sentim, aquesta entrada es troba disponible \u00fanicament en <a href=\"https:\/\/infraestructuras.umh.es\/es\/wp-json\/wp\/v2\/pages\/277\" class=\"qtranxs-available-language-link qtranxs-available-language-link-es\" title=\"Espa\u00f1ol\">Espanyol Europeu<\/a> i <a href=\"https:\/\/infraestructuras.umh.es\/en\/wp-json\/wp\/v2\/pages\/277\" class=\"qtranxs-available-language-link qtranxs-available-language-link-en\" title=\"English\">Angl\u00e8s Americ\u00e0<\/a>.<\/p>","protected":false},"excerpt":{"rendered":"<p>Ho sentim, aquesta entrada es troba disponible \u00fanicament en Espanyol Europeu i Angl\u00e8s Americ\u00e0.<\/p>\n","protected":false},"author":3130,"featured_media":0,"parent":0,"menu_order":3,"comment_status":"closed","ping_status":"closed","template":"","meta":{"_links_to":"","_links_to_target":""},"_links":{"self":[{"href":"https:\/\/infraestructuras.umh.es\/ca\/wp-json\/wp\/v2\/pages\/277"}],"collection":[{"href":"https:\/\/infraestructuras.umh.es\/ca\/wp-json\/wp\/v2\/pages"}],"about":[{"href":"https:\/\/infraestructuras.umh.es\/ca\/wp-json\/wp\/v2\/types\/page"}],"author":[{"embeddable":true,"href":"https:\/\/infraestructuras.umh.es\/ca\/wp-json\/wp\/v2\/users\/3130"}],"replies":[{"embeddable":true,"href":"https:\/\/infraestructuras.umh.es\/ca\/wp-json\/wp\/v2\/comments?post=277"}],"version-history":[{"count":0,"href":"https:\/\/infraestructuras.umh.es\/ca\/wp-json\/wp\/v2\/pages\/277\/revisions"}],"wp:attachment":[{"href":"https:\/\/infraestructuras.umh.es\/ca\/wp-json\/wp\/v2\/media?parent=277"}],"curies":[{"name":"wp","href":"https:\/\/api.w.org\/{rel}","templated":true}]}}