{"id":80,"date":"2015-07-15T14:21:46","date_gmt":"2015-07-15T12:21:46","guid":{"rendered":"https:\/\/infraestructuras.umh.es\/?page_id=80"},"modified":"2016-10-03T12:35:51","modified_gmt":"2016-10-03T10:35:51","slug":"gestion-energetica-y-de-suministros","status":"publish","type":"page","link":"https:\/\/infraestructuras.umh.es\/ca\/unidad-de-mantenimiento-y-obras\/gestion-energetica-y-de-suministros\/","title":{"rendered":"<span lang=\"es\">(Espa\u00f1ol) Gesti\u00f3n energ\u00e9tica y de suministros<\/span>"},"content":{"rendered":"<p class=\"qtranxs-available-languages-message qtranxs-available-languages-message-ca\">Ho sentim, aquesta entrada es troba disponible \u00fanicament en <a href=\"https:\/\/infraestructuras.umh.es\/es\/wp-json\/wp\/v2\/pages\/80\" class=\"qtranxs-available-language-link qtranxs-available-language-link-es\" title=\"Espa\u00f1ol\">Espanyol Europeu<\/a>.<\/p>","protected":false},"excerpt":{"rendered":"<p>Ho sentim, aquesta entrada es troba disponible \u00fanicament en Espanyol Europeu.<\/p>\n","protected":false},"author":3131,"featured_media":0,"parent":8,"menu_order":0,"comment_status":"closed","ping_status":"open","template":"","meta":{"_links_to":"","_links_to_target":""},"_links":{"self":[{"href":"https:\/\/infraestructuras.umh.es\/ca\/wp-json\/wp\/v2\/pages\/80"}],"collection":[{"href":"https:\/\/infraestructuras.umh.es\/ca\/wp-json\/wp\/v2\/pages"}],"about":[{"href":"https:\/\/infraestructuras.umh.es\/ca\/wp-json\/wp\/v2\/types\/page"}],"author":[{"embeddable":true,"href":"https:\/\/infraestructuras.umh.es\/ca\/wp-json\/wp\/v2\/users\/3131"}],"replies":[{"embeddable":true,"href":"https:\/\/infraestructuras.umh.es\/ca\/wp-json\/wp\/v2\/comments?post=80"}],"version-history":[{"count":0,"href":"https:\/\/infraestructuras.umh.es\/ca\/wp-json\/wp\/v2\/pages\/80\/revisions"}],"up":[{"embeddable":true,"href":"https:\/\/infraestructuras.umh.es\/ca\/wp-json\/wp\/v2\/pages\/8"}],"wp:attachment":[{"href":"https:\/\/infraestructuras.umh.es\/ca\/wp-json\/wp\/v2\/media?parent=80"}],"curies":[{"name":"wp","href":"https:\/\/api.w.org\/{rel}","templated":true}]}}