{"id":126,"date":"2015-07-17T12:48:38","date_gmt":"2015-07-17T10:48:38","guid":{"rendered":"http:\/\/infraestructuras.umh.es\/?page_id=126"},"modified":"2015-12-03T13:46:48","modified_gmt":"2015-12-03T12:46:48","slug":"mantenimiento-de-planimetria-de-los-diferentes-campus","status":"publish","type":"page","link":"https:\/\/infraestructuras.umh.es\/en\/unidad-de-supervision-de-proyectos\/funciones\/mantenimiento-de-planimetria-de-los-diferentes-campus\/","title":{"rendered":"<span lang=\"es\">(Espa\u00f1ol) Gesti\u00f3n y actualizaci\u00f3n de la documentaci\u00f3n gr\u00e1fica de Obras y Proyectos<\/span>"},"content":{"rendered":"<p class=\"qtranxs-available-languages-message qtranxs-available-languages-message-en\">Sorry, this entry is only available in <a href=\"https:\/\/infraestructuras.umh.es\/es\/wp-json\/wp\/v2\/pages\/126\" class=\"qtranxs-available-language-link qtranxs-available-language-link-es\" title=\"Espa\u00f1ol\">European Spanish<\/a>.<\/p>","protected":false},"excerpt":{"rendered":"<p>Sorry, this entry is only available in European Spanish.<\/p>\n","protected":false},"author":3131,"featured_media":0,"parent":102,"menu_order":13,"comment_status":"closed","ping_status":"open","template":"","meta":{"_links_to":"","_links_to_target":""},"_links":{"self":[{"href":"https:\/\/infraestructuras.umh.es\/en\/wp-json\/wp\/v2\/pages\/126"}],"collection":[{"href":"https:\/\/infraestructuras.umh.es\/en\/wp-json\/wp\/v2\/pages"}],"about":[{"href":"https:\/\/infraestructuras.umh.es\/en\/wp-json\/wp\/v2\/types\/page"}],"author":[{"embeddable":true,"href":"https:\/\/infraestructuras.umh.es\/en\/wp-json\/wp\/v2\/users\/3131"}],"replies":[{"embeddable":true,"href":"https:\/\/infraestructuras.umh.es\/en\/wp-json\/wp\/v2\/comments?post=126"}],"version-history":[{"count":0,"href":"https:\/\/infraestructuras.umh.es\/en\/wp-json\/wp\/v2\/pages\/126\/revisions"}],"up":[{"embeddable":true,"href":"https:\/\/infraestructuras.umh.es\/en\/wp-json\/wp\/v2\/pages\/102"}],"wp:attachment":[{"href":"https:\/\/infraestructuras.umh.es\/en\/wp-json\/wp\/v2\/media?parent=126"}],"curies":[{"name":"wp","href":"https:\/\/api.w.org\/{rel}","templated":true}]}}