{"id":1684,"date":"2023-02-03T11:49:26","date_gmt":"2023-02-03T10:49:26","guid":{"rendered":"https:\/\/infraestructuras.umh.es\/?page_id=1684"},"modified":"2023-02-03T11:50:40","modified_gmt":"2023-02-03T10:50:40","slug":"solicitud-puntos-de-recarga-de-vehiculos-electricos","status":"publish","type":"page","link":"https:\/\/infraestructuras.umh.es\/en\/unidad-de-mantenimiento-y-obras\/solicitud-de-puntos-de-recarga-de-vehiculos-electricos\/solicitud-puntos-de-recarga-de-vehiculos-electricos\/","title":{"rendered":"<span lang=\"es\">(Espa\u00f1ol) Solicitud Puntos de Recarga de Veh\u00edculos El\u00e9ctricos<\/span>"},"content":{"rendered":"<p class=\"qtranxs-available-languages-message qtranxs-available-languages-message-en\">Sorry, this entry is only available in <a href=\"https:\/\/infraestructuras.umh.es\/es\/wp-json\/wp\/v2\/pages\/1684\" class=\"qtranxs-available-language-link qtranxs-available-language-link-es\" title=\"Espa\u00f1ol\">European Spanish<\/a>.<\/p>","protected":false},"excerpt":{"rendered":"<p>Sorry, this entry is only available in European Spanish.<\/p>\n","protected":false},"author":3131,"featured_media":0,"parent":1693,"menu_order":1,"comment_status":"closed","ping_status":"closed","template":"","meta":{"_links_to":"","_links_to_target":""},"_links":{"self":[{"href":"https:\/\/infraestructuras.umh.es\/en\/wp-json\/wp\/v2\/pages\/1684"}],"collection":[{"href":"https:\/\/infraestructuras.umh.es\/en\/wp-json\/wp\/v2\/pages"}],"about":[{"href":"https:\/\/infraestructuras.umh.es\/en\/wp-json\/wp\/v2\/types\/page"}],"author":[{"embeddable":true,"href":"https:\/\/infraestructuras.umh.es\/en\/wp-json\/wp\/v2\/users\/3131"}],"replies":[{"embeddable":true,"href":"https:\/\/infraestructuras.umh.es\/en\/wp-json\/wp\/v2\/comments?post=1684"}],"version-history":[{"count":0,"href":"https:\/\/infraestructuras.umh.es\/en\/wp-json\/wp\/v2\/pages\/1684\/revisions"}],"up":[{"embeddable":true,"href":"https:\/\/infraestructuras.umh.es\/en\/wp-json\/wp\/v2\/pages\/1693"}],"wp:attachment":[{"href":"https:\/\/infraestructuras.umh.es\/en\/wp-json\/wp\/v2\/media?parent=1684"}],"curies":[{"name":"wp","href":"https:\/\/api.w.org\/{rel}","templated":true}]}}